{"id":1894,"date":"2025-01-01T14:18:54","date_gmt":"2025-01-01T14:18:54","guid":{"rendered":"https:\/\/pcbmaroc.com\/?page_id=1894"},"modified":"2025-02-02T13:26:31","modified_gmt":"2025-02-02T13:26:31","slug":"pcb-manufacturing-in-morocco","status":"publish","type":"page","link":"https:\/\/pcbmaroc.com\/fr\/pcb-manufacturing-in-morocco\/","title":{"rendered":"Fabrication de PCB au Maroc"},"content":{"rendered":"<div data-elementor-type=\"wp-page\" data-elementor-id=\"1894\" class=\"elementor elementor-1894\">\n\t\t\t\t<div class=\"elementor-element elementor-element-2e2c71a8 e-flex e-con-boxed e-con e-parent\" data-id=\"2e2c71a8\" data-element_type=\"container\" data-e-type=\"container\">\n\t\t\t\t\t<div class=\"e-con-inner\">\n\t\t\t\t<div class=\"elementor-element elementor-element-bb18d74 elementor-widget elementor-widget-cz_title\" data-id=\"bb18d74\" data-element_type=\"widget\" data-e-type=\"widget\" data-widget_type=\"cz_title.default\">\n\t\t\t\t<div class=\"elementor-widget-container\">\n\t\t\t\t\t\t\r\n\t\t<div>\r\n\t\t\t<div class=\"cz_title clr cz_title_pos_inline\"><div class=\"cz_title_content\"><div class=\"cz_wpe_content\"><h1 class=\"wp-block-heading\">Fabrication de PCB au Maroc<\/h1><\/div><\/div><\/div>\r\n\t\t<\/div>\r\n\t\t\r\n\t\t\t\t\t\t<\/div>\n\t\t\t\t<\/div>\n\t\t\t\t\t<\/div>\n\t\t\t\t<\/div>\n\t\t<div class=\"elementor-element elementor-element-7c01e83 e-flex e-con-boxed e-con e-parent\" data-id=\"7c01e83\" data-element_type=\"container\" data-e-type=\"container\">\n\t\t\t\t\t<div class=\"e-con-inner\">\n\t\t<div class=\"elementor-element elementor-element-f2aa3f9 e-con-full e-flex e-con e-child\" data-id=\"f2aa3f9\" data-element_type=\"container\" data-e-type=\"container\">\n\t\t\t\t<div class=\"elementor-element elementor-element-7a36c53 elementor-widget elementor-widget-cz_title\" data-id=\"7a36c53\" data-element_type=\"widget\" data-e-type=\"widget\" data-widget_type=\"cz_title.default\">\n\t\t\t\t<div class=\"elementor-widget-container\">\n\t\t\t\t\t\t\r\n\t\t<div>\r\n\t\t\t<div class=\"cz_title clr cz_title_pos_inline\"><div class=\"cz_title_content\"><div class=\"cz_wpe_content\"><h2>Notre expertise en conception et fabrication<\/h2>\n<p>\u00c0 la pointe de l'innovation, nous permettons aux entreprises de pointe d'optimiser leurs flux de travail de conception et de production pour les syst\u00e8mes \u00e9lectroniques avanc\u00e9s\u2014que ce soit en cr\u00e9ant des prototypes ou en passant \u00e0 la production \u00e0 grande \u00e9chelle.<\/p>\n<p><\/p>\n<ul class=\"wp-block-list\">\n<li><strong>Cartes de circuits imprim\u00e9s num\u00e9riques haute vitesse et syst\u00e8mes<\/strong> con\u00e7u pour la performance et la pr\u00e9cision.<\/li>\n\n\n\n<li><strong>Cartes de circuits imprim\u00e9s RF<\/strong> sont con\u00e7us pour exceller \u00e0 travers les fr\u00e9quences, du sous-GHz au mmWave.<\/li>\n\n\n\n<li><strong>Cartes PCB mixtes<\/strong> adapt\u00e9 \u00e0 des applications diverses et exigeantes.<\/li>\n\n\n\n<li><strong>Dispositifs \u00e0 haute densit\u00e9<\/strong> sont con\u00e7us pour relever le d\u00e9fi des facteurs de forme compacts et agressifs.<\/li>\n<\/ul>\n<p><\/p>\n<center><h3>Partenaire avec nous pour transformer la complexit\u00e9 en solutions fluides et \u00e9volutives.<\/h3><\/center><\/div><\/div><\/div>\r\n\t\t<\/div>\r\n\t\t\r\n\t\t\t\t\t\t<\/div>\n\t\t\t\t<\/div>\n\t\t\t\t<\/div>\n\t\t<div class=\"elementor-element elementor-element-9df4ea2 e-con-full e-flex e-con e-child\" data-id=\"9df4ea2\" data-element_type=\"container\" data-e-type=\"container\">\n\t\t\t\t<div class=\"elementor-element elementor-element-f93d716 elementor-widget elementor-widget-image\" data-id=\"f93d716\" data-element_type=\"widget\" data-e-type=\"widget\" data-widget_type=\"image.default\">\n\t\t\t\t<div class=\"elementor-widget-container\">\n\t\t\t\t\t\t\t\t\t\t\t\t<figure class=\"wp-caption\">\n\t\t\t\t\t\t\t\t\t\t<img loading=\"lazy\" decoding=\"async\" width=\"600\" height=\"408\" src=\"https:\/\/pcbmaroc.com\/wp-content\/uploads\/2025\/02\/WhatsApp_Image_2025-02-01_at_15.40.01-removebg-preview-600x408.png\" class=\"attachment-codevz_600_1000 size-codevz_600_1000 wp-image-2023\" alt=\"WhatsApp Image 2025 02 01 at 15 40 01 removebg preview 600x408\" srcset=\"https:\/\/pcbmaroc.com\/wp-content\/uploads\/2025\/02\/WhatsApp_Image_2025-02-01_at_15.40.01-removebg-preview-600x408.png 600w, https:\/\/pcbmaroc.com\/wp-content\/uploads\/2025\/02\/WhatsApp_Image_2025-02-01_at_15.40.01-removebg-preview-18x12.png 18w\" sizes=\"auto, (max-width: 600px) 100vw, 600px\" \/>\t\t\t\t\t\t\t\t\t\t\t<figcaption class=\"widget-image-caption wp-caption-text\">PCB Maroc<\/figcaption>\n\t\t\t\t\t\t\t\t\t\t<\/figure>\n\t\t\t\t\t\t\t\t\t<\/div>\n\t\t\t\t<\/div>\n\t\t\t\t<\/div>\n\t\t\t\t\t<\/div>\n\t\t\t\t<\/div>\n\t\t<div class=\"elementor-element elementor-element-4b4252e e-flex e-con-boxed e-con e-parent\" data-id=\"4b4252e\" data-element_type=\"container\" data-e-type=\"container\">\n\t\t\t\t\t<div class=\"e-con-inner\">\n\t\t<div class=\"elementor-element elementor-element-2271870 e-con-full e-flex e-con e-child\" data-id=\"2271870\" data-element_type=\"container\" data-e-type=\"container\">\n\t\t\t\t<div class=\"elementor-element elementor-element-616e084 elementor-widget elementor-widget-image\" data-id=\"616e084\" data-element_type=\"widget\" data-e-type=\"widget\" data-widget_type=\"image.default\">\n\t\t\t\t<div class=\"elementor-widget-container\">\n\t\t\t\t\t\t\t\t\t\t\t\t<figure class=\"wp-caption\">\n\t\t\t\t\t\t\t\t\t\t<img loading=\"lazy\" decoding=\"async\" width=\"600\" height=\"1000\" src=\"https:\/\/pcbmaroc.com\/wp-content\/uploads\/2025\/02\/2148105564-600x1000.jpg\" class=\"attachment-codevz_600_1000 size-codevz_600_1000 wp-image-2018\" alt=\"2148105564 600x1000\" \/>\t\t\t\t\t\t\t\t\t\t\t<figcaption class=\"widget-image-caption wp-caption-text\">PCB Maroc<\/figcaption>\n\t\t\t\t\t\t\t\t\t\t<\/figure>\n\t\t\t\t\t\t\t\t\t<\/div>\n\t\t\t\t<\/div>\n\t\t\t\t<\/div>\n\t\t<div class=\"elementor-element elementor-element-e88f1d0 e-con-full e-flex e-con e-child\" data-id=\"e88f1d0\" data-element_type=\"container\" data-e-type=\"container\">\n\t\t\t\t<div class=\"elementor-element elementor-element-ad266d1 elementor-widget elementor-widget-cz_title\" data-id=\"ad266d1\" data-element_type=\"widget\" data-e-type=\"widget\" data-widget_type=\"cz_title.default\">\n\t\t\t\t<div class=\"elementor-widget-container\">\n\t\t\t\t\t\t\r\n\t\t<div>\r\n\t\t\t<div class=\"cz_title clr cz_title_pos_inline\"><div class=\"cz_title_content\"><div class=\"cz_wpe_content\"><h2 class=\"wp-block-heading\"><strong>Pourquoi choisir PCB Maroc ?<\/strong><\/h2>\n<p><!-- \/wp:heading -->\n\n<!-- wp:list --><\/p>\n<ul class=\"wp-block-list\"><!-- wp:list-item -->\n<li><strong>Expertise \u00e9tendue<\/strong><br \/>En tant qu'organisation ax\u00e9e sur le num\u00e9rique et le travail \u00e0 distance, nous apportons une richesse de talents et d'exp\u00e9riences diversifi\u00e9s. Nous avons travaill\u00e9 avec votre technologie\u2014la concevant, la construisant et la ma\u00eetrisant.<\/li>\n<!-- \/wp:list-item -->\n\n<!-- wp:list-item -->\n<li><strong>Partenariats strat\u00e9giques de fabrication<\/strong><br \/>Notre r\u00e9seau comprend des partenaires de fabrication locaux et internationaux de premier plan certifi\u00e9s ISO-9001, AS9100, ISO-13485, IPC-A-610, NADCAP et ITAR\/JCP. Que vous soyez en phase de prototypage ou que vous passiez \u00e0 une production de grande envergure, nous vous connectons \u00e0 la solution la mieux adapt\u00e9e.<\/li>\n<!-- \/wp:list-item -->\n\n<!-- wp:list-item -->\n<li><strong>Gestion proactive de la cha\u00eene d'approvisionnement<\/strong><br \/>Nous veillons \u00e0 ce que vos designs soient pr\u00eats pour la production \u00e0 toute \u00e9chelle. De la gestion des approvisionnements avec des distributeurs et courtiers de confiance \u00e0 la prise en charge des exigences de volume, nous rationalisons votre projet de A \u00e0 Z.<\/li>\n<!-- \/wp:list-item --><\/ul>\n<p><!-- \/wp:list -->\n\n<!-- wp:paragraph --><\/p>\n<center><h3>Avec PCB Maroc, votre innovation est entre de bonnes mains.<\/h3><\/center><\/div><\/div><\/div>\r\n\t\t<\/div>\r\n\t\t\r\n\t\t\t\t\t\t<\/div>\n\t\t\t\t<\/div>\n\t\t\t\t<\/div>\n\t\t\t\t\t<\/div>\n\t\t\t\t<\/div>\n\t\t<div class=\"elementor-element elementor-element-eb3d8cc e-flex e-con-boxed e-con e-parent\" data-id=\"eb3d8cc\" data-element_type=\"container\" data-e-type=\"container\">\n\t\t\t\t\t<div class=\"e-con-inner\">\n\t\t\t\t<div class=\"elementor-element elementor-element-c3d4191 elementor-align-justify elementor-widget__width-initial elementor-widget elementor-widget-button\" data-id=\"c3d4191\" data-element_type=\"widget\" data-e-type=\"widget\" data-widget_type=\"button.default\">\n\t\t\t\t<div class=\"elementor-widget-container\">\n\t\t\t\t\t\t\t\t\t<div class=\"elementor-button-wrapper\">\n\t\t\t\t\t<a class=\"elementor-button elementor-button-link elementor-size-sm\" href=\"https:\/\/pcbmaroc.com\/fr\/contact\/\">\n\t\t\t\t\t\t<span class=\"elementor-button-content-wrapper\">\n\t\t\t\t\t\t<span class=\"elementor-button-icon\">\n\t\t\t\t<i aria-hidden=\"true\" class=\"czi czico-029-target-3\"><\/i>\t\t\t<\/span>\n\t\t\t\t\t\t\t\t\t<span class=\"elementor-button-text\">Commencez !<\/span>\n\t\t\t\t\t<\/span>\n\t\t\t\t\t<\/a>\n\t\t\t\t<\/div>\n\t\t\t\t\t\t\t\t<\/div>\n\t\t\t\t<\/div>\n\t\t\t\t\t<\/div>\n\t\t\t\t<\/div>\n\t\t\t\t<\/div>","protected":false},"excerpt":{"rendered":"<p>PCB Manufacturing in Morocco Our Design &amp; Manufacturing Expertise At the &#8230; <\/p>","protected":false},"author":1,"featured_media":0,"parent":0,"menu_order":0,"comment_status":"closed","ping_status":"closed","template":"","meta":{"footnotes":""},"class_list":["post-1894","page","type-page","status-publish","hentry"],"aioseo_notices":[],"_links":{"self":[{"href":"https:\/\/pcbmaroc.com\/fr\/wp-json\/wp\/v2\/pages\/1894","targetHints":{"allow":["GET"]}}],"collection":[{"href":"https:\/\/pcbmaroc.com\/fr\/wp-json\/wp\/v2\/pages"}],"about":[{"href":"https:\/\/pcbmaroc.com\/fr\/wp-json\/wp\/v2\/types\/page"}],"author":[{"embeddable":true,"href":"https:\/\/pcbmaroc.com\/fr\/wp-json\/wp\/v2\/users\/1"}],"replies":[{"embeddable":true,"href":"https:\/\/pcbmaroc.com\/fr\/wp-json\/wp\/v2\/comments?post=1894"}],"version-history":[{"count":0,"href":"https:\/\/pcbmaroc.com\/fr\/wp-json\/wp\/v2\/pages\/1894\/revisions"}],"wp:attachment":[{"href":"https:\/\/pcbmaroc.com\/fr\/wp-json\/wp\/v2\/media?parent=1894"}],"curies":[{"name":"wp","href":"https:\/\/api.w.org\/{rel}","templated":true}]}}