{"id":292,"date":"2024-06-10T08:21:56","date_gmt":"2024-06-10T08:21:56","guid":{"rendered":"http:\/\/xtratheme.combusiness-2\/?page_id=4"},"modified":"2025-05-07T17:02:52","modified_gmt":"2025-05-07T17:02:52","slug":"home","status":"publish","type":"page","link":"https:\/\/pcbmaroc.com\/fr\/","title":{"rendered":"Fabrication de PCB au Maroc"},"content":{"rendered":"<div data-elementor-type=\"wp-page\" data-elementor-id=\"292\" class=\"elementor elementor-292\">\n\t\t\t\t\t\t<section class=\"elementor-section elementor-top-section elementor-element elementor-element-e1b46d2 elementor-section-boxed elementor-section-height-default elementor-section-height-default\" data-id=\"e1b46d2\" data-element_type=\"section\" data-e-type=\"section\" data-settings=\"{&quot;background_background&quot;:&quot;classic&quot;,&quot;animation&quot;:&quot;none&quot;}\">\n\t\t\t\t\t\t<div class=\"elementor-container elementor-column-gap-default\">\n\t\t\t\t\t<div class=\"elementor-column elementor-col-100 elementor-top-column elementor-element elementor-element-d5038ae\" data-id=\"d5038ae\" data-element_type=\"column\" data-e-type=\"column\" data-settings=\"{&quot;animation&quot;:&quot;none&quot;}\">\n\t\t\t<div class=\"elementor-widget-wrap elementor-element-populated\">\n\t\t\t\t\t\t<div class=\"elementor-element elementor-element-1232c4b elementor-widget elementor-widget-html\" data-id=\"1232c4b\" data-element_type=\"widget\" data-e-type=\"widget\" data-widget_type=\"html.default\">\n\t\t\t\t<div class=\"elementor-widget-container\">\n\t\t\t\t\t<section style=\"padding: 2rem 0;\">\r\n  <form action=\"https:\/\/pcbmaroc.com\/fr\/online-pcb-pcba-quoting-tool\/\" method=\"get\" style=\"display: flex; gap: 4rem; flex-wrap: wrap; justify-content: center; align-items: center;\" data-trp-original-action=\"https:\/\/pcbmaroc.com\/online-pcb-pcba-quoting-tool\/\">\r\n    <!-- Layers -->\r\n    <div>\r\n      <label for=\"layers\"><h4 style=\"color:white;\">Couches<\/h4><\/label><br>\r\n      <select style=\"width: 90px;\" name=\"layers\" id=\"layers\" required>\r\n        <option value=\"1\">1<\/option>\r\n        <option value=\"2\" selected>2<\/option>\r\n      <\/select>\r\n    <\/div>\r\n\r\n    <!-- Dimensions -->\r\n    <div>\r\n      <label for=\"width\"><h4 style=\"color:white;\">Dimensions <\/h4><\/label><br>\r\n      <input type=\"number\" name=\"width\" id=\"width\" placeholder=\"Largeur\" required style=\"width: 90px;\">\r\n      \u00d7\r\n      <input type=\"number\" name=\"height\" id=\"height\" placeholder=\"Hauteur\" required style=\"width: 90px;\">\r\n    <\/div>\r\n\r\n    <!-- Quantity -->\r\n    <div>\r\n      <label for=\"quantity\"><h4 style=\"color:white;\">Quantit\u00e9<\/h4><\/label><br>\r\n      <select style=\"width: 90px;\" name=\"quantity\" id=\"quantity\" required>\r\n        <option value=\"5\">5<\/option>\r\n        <option value=\"10\">10<\/option>\r\n        <option value=\"20\">20<\/option>\r\n        <option value=\"50\">50<\/option>\r\n        <option value=\"100\">100<\/option>\r\n        <option value=\"200\">200<\/option>\r\n        <option value=\"500\">500<\/option>\r\n      <\/select>\r\n    <\/div>\r\n\r\n    <!-- Submit -->\r\n    <div style=\"margin-top: 1.6rem;\">\r\n      <button type=\"submit\" style=\"padding: 1.rem 1rem; background-color: #0066cc; color: white; border: none; cursor: pointer;font-size:18px;border: solid white;\">\r\n        Obtenez le prix maintenant\u00a0!\r\n      <\/button>\r\n    <\/div>\r\n  <input type=\"hidden\" name=\"trp-form-language\" value=\"fr\"\/><\/form>\r\n<\/section>\r\n\t\t\t\t<\/div>\n\t\t\t\t<\/div>\n\t\t\t\t\t<\/div>\n\t\t<\/div>\n\t\t\t\t\t<\/div>\n\t\t<\/section>\n\t\t\t\t<section class=\"elementor-section elementor-top-section elementor-element elementor-element-095222b elementor-section-boxed elementor-section-height-default elementor-section-height-default\" data-id=\"095222b\" data-element_type=\"section\" data-e-type=\"section\">\n\t\t\t\t\t\t<div class=\"elementor-container elementor-column-gap-default\">\n\t\t\t\t\t<div class=\"elementor-column elementor-col-100 elementor-top-column elementor-element elementor-element-234aecb\" data-id=\"234aecb\" data-element_type=\"column\" data-e-type=\"column\">\n\t\t\t<div class=\"elementor-widget-wrap elementor-element-populated\">\n\t\t\t\t\t\t<div class=\"elementor-element elementor-element-40f90ee elementor-widget elementor-widget-cz_title\" data-id=\"40f90ee\" data-element_type=\"widget\" data-e-type=\"widget\" data-widget_type=\"cz_title.default\">\n\t\t\t\t<div class=\"elementor-widget-container\">\n\t\t\t\t\t\t\r\n\t\t<div>\r\n\t\t\t<div class=\"cz_title clr cz_title_pos_inline tac\"><div class=\"cz_title_content\"><div class=\"cz_wpe_content\"><h2 style=\"text-align: center;\">\u00c0 propos de PCB Maroc<\/h2><\/div><\/div><\/div>\r\n\t\t<\/div>\r\n\t\t\r\n\t\t\t\t\t\t<\/div>\n\t\t\t\t<\/div>\n\t\t\t\t<div class=\"elementor-element elementor-element-dd534fb elementor-widget elementor-widget-cz_title\" data-id=\"dd534fb\" data-element_type=\"widget\" data-e-type=\"widget\" data-widget_type=\"cz_title.default\">\n\t\t\t\t<div class=\"elementor-widget-container\">\n\t\t\t\t\t\t\r\n\t\t<div>\r\n\t\t\t<div class=\"cz_title clr cz_title_pos_inline tac\"><div class=\"cz_title_content\"><div class=\"cz_wpe_content\"><p style=\"text-align: center;\">Fourniture des services de fabrication de circuits imprim\u00e9s (PCB) exceptionnels avec un engagement envers la pr\u00e9cision et la fiabilit\u00e9<\/p><\/div><\/div><\/div>\r\n\t\t<\/div>\r\n\t\t\r\n\t\t\t\t\t\t<\/div>\n\t\t\t\t<\/div>\n\t\t\t\t<div class=\"elementor-element elementor-element-2dd308c elementor-widget elementor-widget-cz_button\" data-id=\"2dd308c\" data-element_type=\"widget\" data-e-type=\"widget\" data-widget_type=\"cz_button.default\">\n\t\t\t\t<div class=\"elementor-widget-container\">\n\t\t\t\t\t\t\t<div class=\"cz_btn_center\">\r\n\t\t\t<div>\r\n\t\t\t\t<a href=\"https:\/\/pcbmaroc.com\/fr\/about\/\" class=\"cz_btn cz_btn_txt_no_fx cz_btn_no_fx cz_btn_icon_after\">\r\n\r\n\t\t\t\t\t<span>\t\t\t\t\t\t<strong>En savoir plus\t\t\t\t\t\t\t\t\t\t\t\t\t<\/strong>\r\n\t\t\t\t\t\t<i class=\"fa fa-long-arrow-right\"><\/i>\t\t\t\t\t<\/span>\r\n\r\n\t\t\t\t\t<b class=\"cz_btn_onhover\">\r\n\t\t\t\t\t\t\t\t\t\t\t\t<strong>\r\n\t\t\t\t\t\t\tEn savoir plus\t\t\t\t\t\t\t\t\t\t\t\t\t<\/strong>\r\n\t\t\t\t\t\t<i class=\"fa fa-long-arrow-right\"><\/i>\t\t\t\t\t<\/b>\r\n\r\n\t\t\t\t<\/a>\r\n\t\t\t<\/div>\r\n\t\t<\/div> \t\t\t\t\t\t<\/div>\n\t\t\t\t<\/div>\n\t\t\t\t\t<\/div>\n\t\t<\/div>\n\t\t\t\t\t<\/div>\n\t\t<\/section>\n\t\t\t\t<section class=\"elementor-section elementor-top-section elementor-element elementor-element-b03c697 elementor-section-stretched elementor-section-boxed elementor-section-height-default elementor-section-height-default\" data-id=\"b03c697\" data-element_type=\"section\" data-e-type=\"section\" data-settings=\"{&quot;stretch_section&quot;:&quot;section-stretched&quot;,&quot;background_background&quot;:&quot;classic&quot;}\">\n\t\t\t\t\t\t\t<div class=\"elementor-background-overlay\"><\/div>\n\t\t\t\t\t\t\t<div class=\"elementor-container elementor-column-gap-default\">\n\t\t\t\t\t<div class=\"elementor-column elementor-col-100 elementor-top-column elementor-element elementor-element-94e4884\" data-id=\"94e4884\" data-element_type=\"column\" data-e-type=\"column\">\n\t\t\t<div class=\"elementor-widget-wrap elementor-element-populated\">\n\t\t\t\t\t\t<section class=\"elementor-section elementor-inner-section elementor-element elementor-element-19dbbb0 elementor-section-boxed elementor-section-height-default elementor-section-height-default\" data-id=\"19dbbb0\" data-element_type=\"section\" data-e-type=\"section\">\n\t\t\t\t\t\t<div class=\"elementor-container elementor-column-gap-default\">\n\t\t\t\t\t<div class=\"elementor-column elementor-col-33 elementor-inner-column elementor-element elementor-element-aeb0fb6\" data-id=\"aeb0fb6\" data-element_type=\"column\" data-e-type=\"column\">\n\t\t\t<div class=\"elementor-widget-wrap elementor-element-populated\">\n\t\t\t\t\t\t<div class=\"elementor-element elementor-element-40f685e elementor-widget elementor-widget-cz_service_box\" data-id=\"40f685e\" data-element_type=\"widget\" data-e-type=\"widget\" data-settings=\"{&quot;_animation&quot;:&quot;none&quot;}\" data-widget_type=\"cz_service_box.default\">\n\t\t\t\t<div class=\"elementor-widget-container\">\n\t\t\t\t\t<div class=\"services clr style11 services_b\"><div class=\"service_img\"><img loading=\"lazy\" decoding=\"async\" width=\"128\" height=\"128\" src=\"https:\/\/pcbmaroc.com\/wp-content\/uploads\/2024\/12\/3d-modeling.png\" class=\"attachment-large size-large wp-image-1619\" alt=\"3d modeling\" srcset=\"https:\/\/pcbmaroc.com\/wp-content\/uploads\/2024\/12\/3d-modeling.png 128w, https:\/\/pcbmaroc.com\/wp-content\/uploads\/2024\/12\/3d-modeling-100x100.png 100w\" sizes=\"auto, (max-width: 128px) 100vw, 128px\" \/><\/div><div class=\"service_text\"><h3>Conception de PCB<\/h3><div class=\"cz_wpe_content\"><p><span style=\"font-size: 14px;\">Transformez vos id\u00e9es en cartes PCB innovantes. Notre \u00e9quipe collabore avec vous pour cr\u00e9er des PCB optimis\u00e9es, minimisant les co\u00fbts de production et am\u00e9liorant la performance du produit.<br \/><\/span><\/p><\/div><a href=\"https:\/\/pcbmaroc.com\/fr\/services\/#PCBDesign\" class=\"cz_btn cz_btn_icon_after xtra-service-btn-center\">En savoir plus<\/a><\/div><\/div>\t\t\t\t<\/div>\n\t\t\t\t<\/div>\n\t\t\t\t\t<\/div>\n\t\t<\/div>\n\t\t\t\t<div class=\"elementor-column elementor-col-33 elementor-inner-column elementor-element elementor-element-1214489\" data-id=\"1214489\" data-element_type=\"column\" data-e-type=\"column\">\n\t\t\t<div class=\"elementor-widget-wrap elementor-element-populated\">\n\t\t\t\t\t\t<div class=\"elementor-element elementor-element-97b1fd2 elementor-widget elementor-widget-cz_service_box\" data-id=\"97b1fd2\" data-element_type=\"widget\" data-e-type=\"widget\" data-settings=\"{&quot;_animation&quot;:&quot;none&quot;}\" data-widget_type=\"cz_service_box.default\">\n\t\t\t\t<div class=\"elementor-widget-container\">\n\t\t\t\t\t<div class=\"services clr style11 services_b\"><div class=\"service_img\"><img loading=\"lazy\" decoding=\"async\" width=\"128\" height=\"128\" src=\"https:\/\/pcbmaroc.com\/wp-content\/uploads\/2025\/01\/manifacture.png\" class=\"attachment-large size-large wp-image-1973\" alt=\"Manifacture\" srcset=\"https:\/\/pcbmaroc.com\/wp-content\/uploads\/2025\/01\/manifacture.png 128w, https:\/\/pcbmaroc.com\/wp-content\/uploads\/2025\/01\/manifacture-12x12.png 12w, https:\/\/pcbmaroc.com\/wp-content\/uploads\/2025\/01\/manifacture-100x100.png 100w\" sizes=\"auto, (max-width: 128px) 100vw, 128px\" \/><\/div><div class=\"service_text\"><h3>Fabrication de PCB<\/h3><div class=\"cz_wpe_content\"><p><span style=\"font-size: 14px;\">Nous offrons le service de fabrication de PCB avec une haute pr\u00e9cision pour garantir une haute qualit\u00e9, que ce soit pour des PCB de petite s\u00e9rie ou de grande quantit\u00e9<\/span><\/p><\/div><a href=\"https:\/\/pcbmaroc.com\/fr\/services\/#PCBFabrication\" class=\"cz_btn cz_btn_icon_after xtra-service-btn-center\">En savoir plus<\/a><\/div><\/div>\t\t\t\t<\/div>\n\t\t\t\t<\/div>\n\t\t\t\t\t<\/div>\n\t\t<\/div>\n\t\t\t\t<div class=\"elementor-column elementor-col-33 elementor-inner-column elementor-element elementor-element-658555e\" data-id=\"658555e\" data-element_type=\"column\" data-e-type=\"column\">\n\t\t\t<div class=\"elementor-widget-wrap elementor-element-populated\">\n\t\t\t\t\t\t<div class=\"elementor-element elementor-element-7349405 elementor-widget elementor-widget-cz_service_box\" data-id=\"7349405\" data-element_type=\"widget\" data-e-type=\"widget\" data-settings=\"{&quot;_animation&quot;:&quot;none&quot;}\" data-widget_type=\"cz_service_box.default\">\n\t\t\t\t<div class=\"elementor-widget-container\">\n\t\t\t\t\t<div class=\"services clr style11 services_b\"><div class=\"service_img\"><img loading=\"lazy\" decoding=\"async\" width=\"128\" height=\"128\" src=\"https:\/\/pcbmaroc.com\/wp-content\/uploads\/2025\/01\/assembly.png\" class=\"attachment-large size-large wp-image-1974\" alt=\"Assembly\" srcset=\"https:\/\/pcbmaroc.com\/wp-content\/uploads\/2025\/01\/assembly.png 128w, https:\/\/pcbmaroc.com\/wp-content\/uploads\/2025\/01\/assembly-12x12.png 12w, https:\/\/pcbmaroc.com\/wp-content\/uploads\/2025\/01\/assembly-100x100.png 100w\" sizes=\"auto, (max-width: 128px) 100vw, 128px\" \/><\/div><div class=\"service_text\"><h3>Assemblage de PCB<\/h3><div class=\"cz_wpe_content\"><p><span style=\"font-size: 14px;\">Du prototype \u00e0 la production, nous proposons des solutions d'assemblage comp\u00e9titives. Nos techniques avanc\u00e9es garantissent une grande pr\u00e9cision pour un fonctionnement irr\u00e9prochable.<br \/><\/span><\/p><\/div><a href=\"https:\/\/pcbmaroc.com\/fr\/services\/#PCBAssembly\" class=\"cz_btn cz_btn_icon_after xtra-service-btn-center\">En savoir plus<\/a><\/div><\/div>\t\t\t\t<\/div>\n\t\t\t\t<\/div>\n\t\t\t\t\t<\/div>\n\t\t<\/div>\n\t\t\t\t\t<\/div>\n\t\t<\/section>\n\t\t\t\t<div class=\"elementor-element elementor-element-6abfd1c elementor-widget elementor-widget-cz_gap\" data-id=\"6abfd1c\" data-element_type=\"widget\" data-e-type=\"widget\" data-widget_type=\"cz_gap.default\">\n\t\t\t\t<div class=\"elementor-widget-container\">\n\t\t\t\t\t<div class=\"cz_gap clr\"><\/div>\t\t\t\t<\/div>\n\t\t\t\t<\/div>\n\t\t\t\t<div class=\"elementor-element elementor-element-6b065e2 elementor-widget elementor-widget-cz_title\" data-id=\"6b065e2\" data-element_type=\"widget\" data-e-type=\"widget\" data-widget_type=\"cz_title.default\">\n\t\t\t\t<div class=\"elementor-widget-container\">\n\t\t\t\t\t\t\r\n\t\t<div>\r\n\t\t\t<div class=\"cz_title clr cz_title_pos_inline tac\"><div class=\"cz_title_content\"><div class=\"cz_wpe_content\"><div style=\"text-align: center;\">\n<span style=\"text-align: center; font-weight: bold; font-size: 48px; color: #ffffff;\">Pr\u00eat \u00e0 donner vie \u00e0 votre projet ?\n<\/span>\n<br><span style=\"text-align: center; font-size: 24px; color: #ffffff;\">\nLaissez <strong>PCB Maroc<\/strong> s'occuper de tous vos besoins en PCB avec expertise et soin. <br>Que vous ayez besoin de services de conception, de production ou d'assemblage, nous sommes l\u00e0 pour vous aider.<\/span><\/div><\/div><\/div><\/div>\r\n\t\t<\/div>\r\n\t\t\r\n\t\t\t\t\t\t<\/div>\n\t\t\t\t<\/div>\n\t\t\t\t<div class=\"elementor-element elementor-element-183e3c5 elementor-widget elementor-widget-cz_gap\" data-id=\"183e3c5\" data-element_type=\"widget\" data-e-type=\"widget\" data-widget_type=\"cz_gap.default\">\n\t\t\t\t<div class=\"elementor-widget-container\">\n\t\t\t\t\t<div class=\"cz_gap clr\"><\/div>\t\t\t\t<\/div>\n\t\t\t\t<\/div>\n\t\t\t\t<div class=\"elementor-element elementor-element-e4fcd95 elementor-widget elementor-widget-cz_button\" data-id=\"e4fcd95\" data-element_type=\"widget\" data-e-type=\"widget\" data-widget_type=\"cz_button.default\">\n\t\t\t\t<div class=\"elementor-widget-container\">\n\t\t\t\t\t\t\t<div class=\"cz_btn_center\">\r\n\t\t\t<div>\r\n\t\t\t\t<a href=\"https:\/\/pcbmaroc.com\/fr\/online-pcb-pcba-quoting-tool\/\" class=\"cz_btn cz_btn_txt_no_fx cz_btn_no_fx\">\r\n\r\n\t\t\t\t\t<span>\t\t\t\t\t\t<strong>Obtenez un devis gratuit d\u00e8s aujourd'hui !\t\t\t\t\t\t\t\t\t\t\t\t\t<\/strong>\r\n\t\t\t\t\t\t\t\t\t\t\t<\/span>\r\n\r\n\t\t\t\t\t<b class=\"cz_btn_onhover\">\r\n\t\t\t\t\t\t\t\t\t\t\t\t<strong>\r\n\t\t\t\t\t\t\tObtenez un devis gratuit d\u00e8s aujourd'hui !\t\t\t\t\t\t\t\t\t\t\t\t\t<\/strong>\r\n\t\t\t\t\t\t\t\t\t\t\t<\/b>\r\n\r\n\t\t\t\t<\/a>\r\n\t\t\t<\/div>\r\n\t\t<\/div> \t\t\t\t\t\t<\/div>\n\t\t\t\t<\/div>\n\t\t\t\t\t<\/div>\n\t\t<\/div>\n\t\t\t\t\t<\/div>\n\t\t<\/section>\n\t\t\t\t<section class=\"elementor-section elementor-top-section elementor-element elementor-element-a95c9fe elementor-section-boxed elementor-section-height-default elementor-section-height-default\" data-id=\"a95c9fe\" data-element_type=\"section\" data-e-type=\"section\">\n\t\t\t\t\t\t<div class=\"elementor-container elementor-column-gap-default\">\n\t\t\t\t\t<div class=\"elementor-column elementor-col-33 elementor-top-column elementor-element elementor-element-f153190\" data-id=\"f153190\" data-element_type=\"column\" data-e-type=\"column\">\n\t\t\t<div class=\"elementor-widget-wrap elementor-element-populated\">\n\t\t\t\t\t\t<div class=\"elementor-element elementor-element-c38013a elementor-widget elementor-widget-cz_title\" data-id=\"c38013a\" data-element_type=\"widget\" data-e-type=\"widget\" data-widget_type=\"cz_title.default\">\n\t\t\t\t<div class=\"elementor-widget-container\">\n\t\t\t\t\t\t\r\n\t\t<div>\r\n\t\t\t<div class=\"cz_title clr cz_mobile_text_center cz_title_pos_inline\"><div class=\"cz_title_shape shape_circle cz_title_shape_outline cz_shape_1\"><\/div><div class=\"cz_title_content\"><div class=\"cz_wpe_content\"><h2>Comment travaillons-nous ?<\/h2><div style=\"line-height: 1.8;\"><span style=\"color: #666666;\"><span style=\"color: #aaaaaa;\">Notre strat\u00e9gie de travail<\/span> <\/span><\/div><\/div><\/div><\/div>\r\n\t\t<\/div>\r\n\t\t\r\n\t\t\t\t\t\t<\/div>\n\t\t\t\t<\/div>\n\t\t\t\t\t<\/div>\n\t\t<\/div>\n\t\t\t\t<div class=\"elementor-column elementor-col-33 elementor-top-column elementor-element elementor-element-36335aa\" data-id=\"36335aa\" data-element_type=\"column\" data-e-type=\"column\">\n\t\t\t<div class=\"elementor-widget-wrap elementor-element-populated\">\n\t\t\t\t\t\t<div class=\"elementor-element elementor-element-85178c9 elementor-widget elementor-widget-cz_title\" data-id=\"85178c9\" data-element_type=\"widget\" data-e-type=\"widget\" data-widget_type=\"cz_title.default\">\n\t\t\t\t<div class=\"elementor-widget-container\">\n\t\t\t\t\t\t\r\n\t\t<div>\r\n\t\t\t<div class=\"cz_title clr cz_mobile_text_center cz_title_pos_inline\"><div class=\"cz_title_shape shape_text cz_shape_1\">1.<\/div><div class=\"cz_title_content\"><div class=\"cz_wpe_content\"><h3>Rendez-vous<\/h3><\/div><\/div><\/div>\r\n\t\t<\/div>\r\n\t\t\r\n\t\t\t\t\t\t<\/div>\n\t\t\t\t<\/div>\n\t\t\t\t\t<\/div>\n\t\t<\/div>\n\t\t\t\t<div class=\"elementor-column elementor-col-33 elementor-top-column elementor-element elementor-element-c3637b0\" data-id=\"c3637b0\" data-element_type=\"column\" data-e-type=\"column\">\n\t\t\t<div class=\"elementor-widget-wrap elementor-element-populated\">\n\t\t\t\t\t\t<div class=\"elementor-element elementor-element-7c838be elementor-widget elementor-widget-cz_title\" data-id=\"7c838be\" data-element_type=\"widget\" data-e-type=\"widget\" data-widget_type=\"cz_title.default\">\n\t\t\t\t<div class=\"elementor-widget-container\">\n\t\t\t\t\t\t\r\n\t\t<div>\r\n\t\t\t<div class=\"cz_title clr cz_mobile_text_center cz_title_pos_inline\"><div class=\"cz_title_shape shape_text cz_shape_1\">2.<\/div><div class=\"cz_title_content\"><div class=\"cz_wpe_content\"><h3>Prototypage<\/h3><\/div><\/div><\/div>\r\n\t\t<\/div>\r\n\t\t\r\n\t\t\t\t\t\t<\/div>\n\t\t\t\t<\/div>\n\t\t\t\t\t<\/div>\n\t\t<\/div>\n\t\t\t\t\t<\/div>\n\t\t<\/section>\n\t\t\t\t<section class=\"elementor-section elementor-top-section elementor-element elementor-element-a891293 elementor-section-boxed elementor-section-height-default elementor-section-height-default\" data-id=\"a891293\" data-element_type=\"section\" data-e-type=\"section\">\n\t\t\t\t\t\t<div class=\"elementor-container elementor-column-gap-default\">\n\t\t\t\t\t<div class=\"elementor-column elementor-col-33 elementor-top-column elementor-element elementor-element-d3ffc80\" data-id=\"d3ffc80\" data-element_type=\"column\" data-e-type=\"column\">\n\t\t\t<div class=\"elementor-widget-wrap elementor-element-populated\">\n\t\t\t\t\t\t<div class=\"elementor-element elementor-element-1a1c672 elementor-widget elementor-widget-cz_title\" data-id=\"1a1c672\" data-element_type=\"widget\" data-e-type=\"widget\" data-widget_type=\"cz_title.default\">\n\t\t\t\t<div class=\"elementor-widget-container\">\n\t\t\t\t\t\t\r\n\t\t<div>\r\n\t\t\t<div class=\"cz_title clr cz_title_pos_inline tar\"><div class=\"cz_title_content\"><div class=\"cz_wpe_content\"><h3 style=\"text-align: right; font-weight: bold;\">ou<\/h3><\/div><\/div><\/div>\r\n\t\t<\/div>\r\n\t\t\r\n\t\t\t\t\t\t<\/div>\n\t\t\t\t<\/div>\n\t\t\t\t\t<\/div>\n\t\t<\/div>\n\t\t\t\t<div class=\"elementor-column elementor-col-33 elementor-top-column elementor-element elementor-element-ded2d01\" data-id=\"ded2d01\" data-element_type=\"column\" data-e-type=\"column\">\n\t\t\t<div class=\"elementor-widget-wrap elementor-element-populated\">\n\t\t\t\t\t\t<div class=\"elementor-element elementor-element-369a4ac elementor-widget elementor-widget-cz_title\" data-id=\"369a4ac\" data-element_type=\"widget\" data-e-type=\"widget\" data-widget_type=\"cz_title.default\">\n\t\t\t\t<div class=\"elementor-widget-container\">\n\t\t\t\t\t\t\r\n\t\t<div>\r\n\t\t\t<div class=\"cz_title clr cz_mobile_text_center cz_title_pos_inline\"><div class=\"cz_title_shape shape_text cz_shape_1\">1.<\/div><div class=\"cz_title_content\"><div class=\"cz_wpe_content\"><h3>T\u00e9l\u00e9chargement de fichier<\/h3><\/div><\/div><\/div>\r\n\t\t<\/div>\r\n\t\t\r\n\t\t\t\t\t\t<\/div>\n\t\t\t\t<\/div>\n\t\t\t\t\t<\/div>\n\t\t<\/div>\n\t\t\t\t<div class=\"elementor-column elementor-col-33 elementor-top-column elementor-element elementor-element-0c57802\" data-id=\"0c57802\" data-element_type=\"column\" data-e-type=\"column\">\n\t\t\t<div class=\"elementor-widget-wrap elementor-element-populated\">\n\t\t\t\t\t\t<div class=\"elementor-element elementor-element-1aaef80 elementor-widget elementor-widget-cz_title\" data-id=\"1aaef80\" data-element_type=\"widget\" data-e-type=\"widget\" data-widget_type=\"cz_title.default\">\n\t\t\t\t<div class=\"elementor-widget-container\">\n\t\t\t\t\t\t\r\n\t\t<div>\r\n\t\t\t<div class=\"cz_title clr cz_mobile_text_center cz_title_pos_inline\"><div class=\"cz_title_shape shape_text cz_shape_1\">2.<\/div><div class=\"cz_title_content\"><div class=\"cz_wpe_content\"><h3>Consultation<\/h3><\/div><\/div><\/div>\r\n\t\t<\/div>\r\n\t\t\r\n\t\t\t\t\t\t<\/div>\n\t\t\t\t<\/div>\n\t\t\t\t\t<\/div>\n\t\t<\/div>\n\t\t\t\t\t<\/div>\n\t\t<\/section>\n\t\t\t\t<section class=\"elementor-section elementor-top-section elementor-element elementor-element-2495ef4 elementor-section-stretched elementor-section-boxed elementor-section-height-default elementor-section-height-default\" data-id=\"2495ef4\" data-element_type=\"section\" data-e-type=\"section\" data-settings=\"{&quot;stretch_section&quot;:&quot;section-stretched&quot;,&quot;background_background&quot;:&quot;classic&quot;}\">\n\t\t\t\t\t\t<div class=\"elementor-container elementor-column-gap-default\">\n\t\t\t\t\t<div class=\"elementor-column elementor-col-100 elementor-top-column elementor-element elementor-element-515bc8b\" data-id=\"515bc8b\" data-element_type=\"column\" data-e-type=\"column\">\n\t\t\t<div class=\"elementor-widget-wrap elementor-element-populated\">\n\t\t\t\t\t\t<section class=\"elementor-section elementor-inner-section elementor-element elementor-element-301db5a elementor-section-content-middle elementor-section-boxed elementor-section-height-default elementor-section-height-default\" data-id=\"301db5a\" data-element_type=\"section\" data-e-type=\"section\">\n\t\t\t\t\t\t<div class=\"elementor-container elementor-column-gap-default\">\n\t\t\t\t\t<div class=\"elementor-column elementor-col-50 elementor-inner-column elementor-element elementor-element-a624e53\" data-id=\"a624e53\" data-element_type=\"column\" data-e-type=\"column\">\n\t\t\t<div class=\"elementor-widget-wrap elementor-element-populated\">\n\t\t\t\t\t\t<div class=\"elementor-element elementor-element-9452705 elementor-widget elementor-widget-cz_title\" data-id=\"9452705\" data-element_type=\"widget\" data-e-type=\"widget\" data-widget_type=\"cz_title.default\">\n\t\t\t\t<div class=\"elementor-widget-container\">\n\t\t\t\t\t\t\r\n\t\t<div>\r\n\t\t\t<div class=\"cz_title clr cz_mobile_text_center cz_title_has_icon cz_title_pos_inline\"><div class=\"cz_title_content\"><i class=\"cz_title_icon_before fa czico-092-phone-call-1\"><\/i><div class=\"cz_wpe_content\"><h3><span style=\"color: #ffffff;\">Parlons de votre projet<\/span><\/h3><\/div><\/div><\/div>\r\n\t\t<\/div>\r\n\t\t\r\n\t\t\t\t\t\t<\/div>\n\t\t\t\t<\/div>\n\t\t\t\t\t<\/div>\n\t\t<\/div>\n\t\t\t\t<div class=\"elementor-column elementor-col-50 elementor-inner-column elementor-element elementor-element-57d4efd\" data-id=\"57d4efd\" data-element_type=\"column\" data-e-type=\"column\">\n\t\t\t<div class=\"elementor-widget-wrap elementor-element-populated\">\n\t\t\t\t\t\t<div class=\"elementor-element elementor-element-41f1f4d elementor-widget elementor-widget-cz_button\" data-id=\"41f1f4d\" data-element_type=\"widget\" data-e-type=\"widget\" data-widget_type=\"cz_button.default\">\n\t\t\t\t<div class=\"elementor-widget-container\">\n\t\t\t\t\t\t\t<div class=\"cz_btn_center\">\r\n\t\t\t<div>\r\n\t\t\t\t<a href=\"https:\/\/pcbmaroc.com\/fr\/contact\/\" class=\"cz_btn cz_btn_subtitle cz_btn_txt_no_fx cz_btn_no_fx\">\r\n\r\n\t\t\t\t\t<span>\t\t\t\t\t\t<strong>Envoyez-nous un e-mail\t\t\t\t\t\t\t<small>contact@pcbmaroc.com<\/small>\t\t\t\t\t\t<\/strong>\r\n\t\t\t\t\t\t\t\t\t\t\t<\/span>\r\n\r\n\t\t\t\t\t<b class=\"cz_btn_onhover\">\r\n\t\t\t\t\t\t\t\t\t\t\t\t<strong>\r\n\t\t\t\t\t\t\tEnvoyez-nous un e-mail\t\t\t\t\t\t\t<small>contact@pcbmaroc.com<\/small>\t\t\t\t\t\t<\/strong>\r\n\t\t\t\t\t\t\t\t\t\t\t<\/b>\r\n\r\n\t\t\t\t<\/a>\r\n\t\t\t<\/div>\r\n\t\t<\/div> \t\t\t\t\t\t<\/div>\n\t\t\t\t<\/div>\n\t\t\t\t\t<\/div>\n\t\t<\/div>\n\t\t\t\t\t<\/div>\n\t\t<\/section>\n\t\t\t\t\t<\/div>\n\t\t<\/div>\n\t\t\t\t\t<\/div>\n\t\t<\/section>\n\t\t\t\t<\/div>","protected":false},"excerpt":{"rendered":"<p>Layers 12 Dimensions \u00d7 Quantity 5102050100200500 Get Price Now! About PCB &#8230; <\/p>","protected":false},"author":1,"featured_media":0,"parent":0,"menu_order":0,"comment_status":"closed","ping_status":"closed","template":"","meta":{"footnotes":""},"class_list":["post-292","page","type-page","status-publish","hentry"],"aioseo_notices":[],"_links":{"self":[{"href":"https:\/\/pcbmaroc.com\/fr\/wp-json\/wp\/v2\/pages\/292","targetHints":{"allow":["GET"]}}],"collection":[{"href":"https:\/\/pcbmaroc.com\/fr\/wp-json\/wp\/v2\/pages"}],"about":[{"href":"https:\/\/pcbmaroc.com\/fr\/wp-json\/wp\/v2\/types\/page"}],"author":[{"embeddable":true,"href":"https:\/\/pcbmaroc.com\/fr\/wp-json\/wp\/v2\/users\/1"}],"replies":[{"embeddable":true,"href":"https:\/\/pcbmaroc.com\/fr\/wp-json\/wp\/v2\/comments?post=292"}],"version-history":[{"count":12,"href":"https:\/\/pcbmaroc.com\/fr\/wp-json\/wp\/v2\/pages\/292\/revisions"}],"predecessor-version":[{"id":2247,"href":"https:\/\/pcbmaroc.com\/fr\/wp-json\/wp\/v2\/pages\/292\/revisions\/2247"}],"wp:attachment":[{"href":"https:\/\/pcbmaroc.com\/fr\/wp-json\/wp\/v2\/media?parent=292"}],"curies":[{"name":"wp","href":"https:\/\/api.w.org\/{rel}","templated":true}]}}