{"id":3,"date":"2024-11-21T18:07:10","date_gmt":"2024-11-21T18:07:10","guid":{"rendered":"http:\/\/pcbmaroc.com\/?page_id=3"},"modified":"2024-12-30T21:31:19","modified_gmt":"2024-12-30T21:31:19","slug":"privacy-policy","status":"publish","type":"page","link":"https:\/\/pcbmaroc.com\/fr\/privacy-policy\/","title":{"rendered":"Politique de confidentialit\u00e9"},"content":{"rendered":"<h2 class=\"wp-block-heading\">Politique de confidentialit\u00e9<\/h2>\n\n\n\n<p>Derni\u00e8re mise \u00e0 jour : 30 d\u00e9cembre 2024<\/p>\n\n\n\n<p>Cette Politique de Confidentialit\u00e9 d\u00e9crit Nos politiques et proc\u00e9dures concernant la collecte, l'utilisation et la divulgation de Vos informations lorsque Vous utilisez le Service et vous informe de Vos droits en mati\u00e8re de confidentialit\u00e9 et de la mani\u00e8re dont la loi Vous prot\u00e8ge.<\/p>\n\n\n\n<p>Nous utilisons Vos donn\u00e9es personnelles pour fournir et am\u00e9liorer le Service. En utilisant le Service, vous consentez \u00e0 la collecte et \u00e0 l'utilisation des informations conform\u00e9ment \u00e0 cette Politique de Confidentialit\u00e9. <\/p>\n\n\n\n<h2 class=\"wp-block-heading\">Interpr\u00e9tation et D\u00e9finitions<\/h2>\n\n\n\n<h3 class=\"wp-block-heading\">Interpr\u00e9tation<\/h3>\n\n\n\n<p>Les mots dont la premi\u00e8re lettre est en majuscule ont des significations d\u00e9finies selon les conditions suivantes. Les d\u00e9finitions suivantes auront la m\u00eame signification qu'elles apparaissent au singulier ou au pluriel.<\/p>\n\n\n\n<h3 class=\"wp-block-heading\">D\u00e9finitions<\/h3>\n\n\n\n<p>Aux fins de la pr\u00e9sente Politique de Confidentialit\u00e9 :<\/p>\n\n\n\n<ul class=\"wp-block-list\">\n<li><strong>Compte<\/strong> signifie un compte unique cr\u00e9\u00e9 pour vous permettre d'acc\u00e9der \u00e0 notre Service ou \u00e0 des parties de notre Service.<\/li>\n\n\n\n<li><strong>Affili\u00e9<\/strong> signifie une entit\u00e9 qui contr\u00f4le, est contr\u00f4l\u00e9e par ou est sous contr\u00f4le commun avec une partie, o\u00f9 \u00ab contr\u00f4le \u00bb signifie la possession de 50 % ou plus des actions, participations ou autres titres donnant droit de vote pour l'\u00e9lection des administrateurs ou d'autres autorit\u00e9s de gestion.<\/li>\n\n\n\n<li><strong>l'entreprise<\/strong> (r\u00e9f\u00e9r\u00e9 soit par \u00ab la Soci\u00e9t\u00e9 \u00bb, \u00ab Nous \u00bb, \u00ab On \u00bb ou \u00ab Notre \u00bb dans le pr\u00e9sent Accord) se r\u00e9f\u00e8re \u00e0 <strong>TNG ELECTRONICS<\/strong> <strong>Sarl<\/strong>, 14 Av. Moulay Ismail, Tanger.<\/li>\n\n\n\n<li><strong>Cookies<\/strong> sont de petits fichiers qui sont plac\u00e9s sur votre ordinateur, appareil mobile ou tout autre appareil par un site web, contenant les d\u00e9tails de votre historique de navigation sur ce site parmi ses nombreuses utilisations.<\/li>\n\n\n\n<li><strong>Pays<\/strong> se r\u00e9f\u00e8re \u00e0 : le Maroc<\/li>\n\n\n\n<li><strong>Dispositif<\/strong> signifie tout appareil pouvant acc\u00e9der au Service, tel qu'un ordinateur, un t\u00e9l\u00e9phone portable ou une tablette num\u00e9rique.<\/li>\n\n\n\n<li><strong>Donn\u00e9es personnelles<\/strong> est toute information se rapportant \u00e0 une personne identifi\u00e9e ou identifiable.<\/li>\n\n\n\n<li><strong>Service<\/strong> fait r\u00e9f\u00e9rence au site Web.<\/li>\n\n\n\n<li><strong>Fournisseur de services<\/strong> d\u00e9signe toute personne physique ou morale qui traite les donn\u00e9es pour le compte de la Soci\u00e9t\u00e9. Cela fait r\u00e9f\u00e9rence aux entreprises ou aux individus tiers employ\u00e9s par la Soci\u00e9t\u00e9 pour faciliter le Service, pour fournir le Service au nom de la Soci\u00e9t\u00e9, pour effectuer des services li\u00e9s au Service ou pour aider la Soci\u00e9t\u00e9 \u00e0 analyser comment le Service est utilis\u00e9.<\/li>\n\n\n\n<li><strong>Donn\u00e9es d'utilisation<\/strong> se r\u00e9f\u00e8re aux donn\u00e9es collect\u00e9es automatiquement, soit g\u00e9n\u00e9r\u00e9es par l'utilisation du Service, soit provenant de l'infrastructure m\u00eame du Service (par exemple, la dur\u00e9e d'une visite de page).<\/li>\n\n\n\n<li><strong>Site web<\/strong> se r\u00e9f\u00e8re \u00e0 <strong>PCB Maroc<\/strong>, accessible depuis <a href=\"https:\/\/pcbmaroc.com\/fr\/\" target=\"_blank\" rel=\"noreferrer noopener\">https:\/\/pcbmaroc.com\/<\/a><\/li>\n\n\n\n<li><strong>Toi<\/strong> d\u00e9signe l'individu acc\u00e9dant ou utilisant le Service, ou la soci\u00e9t\u00e9, ou toute autre entit\u00e9 juridique au nom de laquelle cet individu acc\u00e8de ou utilise le Service, le cas \u00e9ch\u00e9ant.<\/li>\n<\/ul>\n\n\n\n<h2 class=\"wp-block-heading\">Collecte et utilisation de vos donn\u00e9es personnelles<\/h2>\n\n\n\n<h3 class=\"wp-block-heading\">Types de donn\u00e9es collect\u00e9es<\/h3>\n\n\n\n<h4 class=\"wp-block-heading\">Donn\u00e9es personnelles<\/h4>\n\n\n\n<p>Lors de l'utilisation de Notre Service, Nous pouvons vous demander de nous fournir certaines informations personnellement identifiables qui peuvent \u00eatre utilis\u00e9es pour vous contacter ou vous identifier. Les informations personnellement identifiables peuvent inclure, mais ne se limitent pas \u00e0 :<\/p>\n\n\n\n<ul class=\"wp-block-list\">\n<li>Adresse e-mail<\/li>\n\n\n\n<li>Pr\u00e9nom et nom de famille<\/li>\n\n\n\n<li>Num\u00e9ro de t\u00e9l\u00e9phone<\/li>\n\n\n\n<li>Adresse, \u00c9tat, Province, Code postal, Ville<\/li>\n\n\n\n<li>Donn\u00e9es d'utilisation<\/li>\n<\/ul>\n\n\n\n<h4 class=\"wp-block-heading\">Donn\u00e9es d'utilisation<\/h4>\n\n\n\n<p>Les donn\u00e9es d'utilisation sont collect\u00e9es automatiquement lors de l'utilisation du Service.<\/p>\n\n\n\n<p>Les Donn\u00e9es d'Utilisation peuvent inclure des informations telles que l'adresse de protocole Internet de votre appareil (par exemple, adresse IP), le type de navigateur, la version du navigateur, les pages de notre Service que vous visitez, la date et l'heure de votre visite, le temps pass\u00e9 sur ces pages, les identifiants uniques de l'appareil et d'autres donn\u00e9es de diagnostic.<\/p>\n\n\n\n<p>Lorsque vous acc\u00e9dez au Service par ou via un appareil mobile, nous pouvons collecter certaines informations automatiquement, y compris, mais sans s'y limiter, le type d'appareil mobile que vous utilisez, l'ID unique de votre appareil mobile, l'adresse IP de votre appareil mobile, votre syst\u00e8me d'exploitation mobile, le type de navigateur Internet mobile que vous utilisez, les identifiants uniques de l'appareil et d'autres donn\u00e9es de diagnostic.<\/p>\n\n\n\n<p>Nous pouvons \u00e9galement collecter des informations que votre navigateur envoie chaque fois que vous visitez notre Service ou lorsque vous acc\u00e9dez au Service par ou via un appareil mobile.<\/p>\n\n\n\n<h4 class=\"wp-block-heading\">Technologies de suivi et cookies<\/h4>\n\n\n\n<p>Nous utilisons des cookies et des technologies de suivi similaires pour suivre l'activit\u00e9 sur notre service et stocker certaines informations. Les technologies de suivi utilis\u00e9es sont des balises, des \u00e9tiquettes et des scripts pour collecter et suivre des informations et pour am\u00e9liorer et analyser Notre Service. Les technologies que nous utilisons peuvent inclure :<\/p>\n\n\n\n<ul class=\"wp-block-list\">\n<li><strong>Cookies ou Cookies de navigateur.<\/strong> Un cookie est un petit fichier plac\u00e9 sur votre appareil. Vous pouvez demander \u00e0 votre navigateur de refuser tous les Cookies ou d'indiquer lorsqu'un Cookie est envoy\u00e9. Cependant, si vous n'acceptez pas les Cookies, vous ne pourrez peut-\u00eatre pas utiliser certaines parties de notre Service. \u00c0 moins que vous n'ayez ajust\u00e9 les param\u00e8tres de votre navigateur pour qu'il refuse les Cookies, notre Service peut utiliser des Cookies.<\/li>\n\n\n\n<li><strong>Balises Web.<\/strong> Certaines sections de notre Service et nos e-mails peuvent contenir de petits fichiers \u00e9lectroniques connus sous le nom de balises web (\u00e9galement appel\u00e9es gifs transparents, balises pixel et gifs \u00e0 pixel unique) qui permettent \u00e0 la Soci\u00e9t\u00e9, par exemple, de compter les utilisateurs qui ont visit\u00e9 ces pages ou ouvert un e-mail et pour d'autres statistiques li\u00e9es au site web (par exemple, enregistrer la popularit\u00e9 d'une certaine section et v\u00e9rifier l'int\u00e9grit\u00e9 du syst\u00e8me et du serveur).<\/li>\n<\/ul>\n\n\n\n<p>Les cookies peuvent \u00eatre des cookies \u00ab persistants \u00bb ou des cookies \u00ab de session \u00bb. Les cookies persistants restent sur votre ordinateur personnel ou votre appareil mobile lorsque vous \u00eates hors ligne, tandis que les cookies de session sont supprim\u00e9s d\u00e8s que vous fermez votre navigateur web. <\/p>\n\n\n\n<p>Nous utilisons \u00e0 la fois des cookies de session et des cookies persistants pour les finalit\u00e9s \u00e9nonc\u00e9es ci-dessous :<\/p>\n\n\n\n<ul class=\"wp-block-list\">\n<li><strong>Cookies n\u00e9cessaires \/ essentiels<\/strong> Type : Cookies de session Administr\u00e9 par : Nous But: Ces Cookies sont essentiels pour vous fournir des services disponibles sur le Site et pour vous permettre d'utiliser certaines de ses fonctionnalit\u00e9s. Ils aident \u00e0 authentifier les utilisateurs et \u00e0 pr\u00e9venir l'utilisation frauduleuse des comptes utilisateurs. Sans ces Cookies, les services que Vous avez demand\u00e9s ne peuvent pas \u00eatre fournis, et Nous utilisons ces Cookies uniquement pour Vous fournir ces services.<\/li>\n\n\n\n<li><strong>Politique de cookies \/ Acceptation des cookies<\/strong> Type : Cookies persistants Administr\u00e9 par : Nous Objet : Ces Cookies identifient si les utilisateurs ont accept\u00e9 l'utilisation des cookies sur le Site Web.<\/li>\n\n\n\n<li><strong>Cookies de fonctionnalit\u00e9<\/strong> Type : Cookies persistants Administr\u00e9 par : Nous Objet : Ces Cookies nous permettent de nous souvenir des choix que vous faites lorsque vous utilisez le Site, comme se souvenir de vos identifiants de connexion ou de votre pr\u00e9f\u00e9rence de langue. Le but de ces Cookies est de vous offrir une exp\u00e9rience plus personnalis\u00e9e et d'\u00e9viter que vous ayez \u00e0 ressaisir vos pr\u00e9f\u00e9rences \u00e0 chaque fois que vous utilisez le site Web.<\/li>\n<\/ul>\n\n\n\n<p>Pour plus d'informations sur les cookies que nous utilisons et vos choix concernant les cookies, veuillez consulter notre Politique de Cookies ou la section Cookies de notre Politique de Confidentialit\u00e9.<\/p>\n\n\n\n<h3 class=\"wp-block-heading\">Utilisation de vos donn\u00e9es personnelles<\/h3>\n\n\n\n<p>La Soci\u00e9t\u00e9 peut utiliser les Donn\u00e9es Personnelles aux fins suivantes :<\/p>\n\n\n\n<ul class=\"wp-block-list\">\n<li><strong>Fournir et maintenir notre Service<\/strong>, y compris pour surveiller l'utilisation de notre Service.<\/li>\n\n\n\n<li><strong>Pour g\u00e9rer votre compte :<\/strong> pour g\u00e9rer votre inscription en tant qu'utilisateur du Service. Les Donn\u00e9es Personnelles que vous fournissez peuvent vous donner acc\u00e8s \u00e0 diff\u00e9rentes fonctionnalit\u00e9s du Service qui sont disponibles pour vous en tant qu'utilisateur enregistr\u00e9.<\/li>\n\n\n\n<li><strong>Pour l'ex\u00e9cution d'un contrat :<\/strong> le d\u00e9veloppement, la conformit\u00e9 et l'ex\u00e9cution du contrat d'achat pour les produits, articles ou services que vous avez achet\u00e9s ou de tout autre contrat avec nous via le Service.<\/li>\n\n\n\n<li><strong>Pour vous contacter :<\/strong> Pour vous contacter par email, appels t\u00e9l\u00e9phoniques, SMS, ou autres formes \u00e9quivalentes de communication \u00e9lectronique, telles que les notifications push d'une application mobile concernant les mises \u00e0 jour ou les communications informatives li\u00e9es aux fonctionnalit\u00e9s, produits ou services contract\u00e9s, y compris les mises \u00e0 jour de s\u00e9curit\u00e9, lorsque cela est n\u00e9cessaire ou raisonnable pour leur mise en \u0153uvre.<\/li>\n\n\n\n<li><strong>Pour vous fournir<\/strong> avec des nouvelles, des offres sp\u00e9ciales et des informations g\u00e9n\u00e9rales sur d'autres biens, services et \u00e9v\u00e9nements que nous proposons et qui sont similaires \u00e0 ceux que vous avez d\u00e9j\u00e0 achet\u00e9s ou pour lesquels vous avez d\u00e9j\u00e0 fait une demande, sauf si vous avez choisi de ne pas recevoir ces informations.<\/li>\n\n\n\n<li><strong>Pour g\u00e9rer vos demandes :<\/strong> Pour traiter et g\u00e9rer Vos demandes \u00e0 Nous.<\/li>\n\n\n\n<li><strong>Pour les transferts d'entreprise :<\/strong> Nous pouvons utiliser vos informations pour \u00e9valuer ou mener une fusion, une cession, une restructuration, une r\u00e9organisation, une dissolution ou toute autre vente ou transfert de tout ou partie de nos actifs, que ce soit en tant qu'entreprise en activit\u00e9 ou dans le cadre d'une faillite, d'une liquidation ou d'une proc\u00e9dure similaire, dans laquelle les donn\u00e9es personnelles que nous d\u00e9tenons sur nos utilisateurs de services font partie des actifs transf\u00e9r\u00e9s.<\/li>\n\n\n\n<li><strong>\u00c0 d'autres fins<\/strong>: Nous pouvons utiliser vos informations \u00e0 d'autres fins, telles que l'analyse des donn\u00e9es, l'identification des tendances d'utilisation, la d\u00e9termination de l'efficacit\u00e9 de nos campagnes promotionnelles et l'\u00e9valuation et l'am\u00e9lioration de notre Service, de nos produits, de nos services, de notre marketing et de votre exp\u00e9rience.<\/li>\n<\/ul>\n\n\n\n<p>Nous pouvons partager vos informations personnelles dans les situations suivantes :<\/p>\n\n\n\n<ul class=\"wp-block-list\">\n<li><strong>Avec les fournisseurs de services :<\/strong> Nous pouvons partager vos informations personnelles avec des prestataires de services pour surveiller et analyser l'utilisation de notre service, pour vous contacter.<\/li>\n\n\n\n<li><strong>Pour les transferts d'entreprise :<\/strong> Nous pouvons partager ou transf\u00e9rer Vos informations personnelles en lien avec, ou lors des n\u00e9gociations de, toute fusion, vente d'actifs de l'entreprise, financement, ou acquisition de tout ou partie de Notre entreprise \u00e0 une autre soci\u00e9t\u00e9.<\/li>\n\n\n\n<li><strong>Avec des affili\u00e9s :<\/strong> Nous pouvons partager vos informations avec nos affili\u00e9s, auquel cas nous exigerons que ces affili\u00e9s respectent cette politique de confidentialit\u00e9. Les affili\u00e9s incluent notre soci\u00e9t\u00e9 m\u00e8re et toutes les autres filiales, partenaires de coentreprise ou autres entreprises que nous contr\u00f4lons ou qui sont sous contr\u00f4le commun avec nous.<\/li>\n\n\n\n<li><strong>Avec des partenaires commerciaux :<\/strong> Nous pouvons partager vos informations avec nos partenaires commerciaux pour vous offrir certains produits, services ou promotions.<\/li>\n\n\n\n<li><strong>Avec d'autres utilisateurs :<\/strong> lorsque vous partagez des informations personnelles ou interagissez autrement dans les zones publiques avec d'autres utilisateurs, ces informations peuvent \u00eatre vues par tous les utilisateurs et peuvent \u00eatre diffus\u00e9es publiquement \u00e0 l'ext\u00e9rieur.Avec d'autres utilisateurs :<\/li>\n\n\n\n<li><strong>Avec votre consentement<\/strong>: Nous pouvons divulguer vos informations personnelles \u00e0 d'autres fins avec votre consentement.<\/li>\n<\/ul>\n\n\n\n<h3 class=\"wp-block-heading\">Conservation de vos donn\u00e9es personnelles<\/h3>\n\n\n\n<p>La Soci\u00e9t\u00e9 ne conservera Vos Donn\u00e9es Personnelles que tant que n\u00e9cessaire aux fins \u00e9nonc\u00e9es dans cette Politique de Confidentialit\u00e9. Nous conserverons et utiliserons vos donn\u00e9es personnelles dans la mesure n\u00e9cessaire pour nous conformer \u00e0 nos obligations l\u00e9gales (par exemple, si nous sommes tenus de conserver vos donn\u00e9es pour respecter les lois applicables), r\u00e9soudre les litiges et faire respecter nos accords et politiques l\u00e9gaux.<\/p>\n\n\n\n<p>La Soci\u00e9t\u00e9 conservera \u00e9galement les Donn\u00e9es d'Utilisation \u00e0 des fins d'analyse interne. Les Donn\u00e9es d'Utilisation sont g\u00e9n\u00e9ralement conserv\u00e9es pour une p\u00e9riode plus courte, sauf lorsque ces donn\u00e9es sont utilis\u00e9es pour renforcer la s\u00e9curit\u00e9 ou am\u00e9liorer la fonctionnalit\u00e9 de Notre Service, ou lorsque nous sommes l\u00e9galement tenus de conserver ces donn\u00e9es pendant des p\u00e9riodes plus longues.<\/p>\n\n\n\n<h3 class=\"wp-block-heading\">Transfert de vos donn\u00e9es personnelles<\/h3>\n\n\n\n<p>Vos informations, y compris les Donn\u00e9es Personnelles, sont trait\u00e9es dans les bureaux op\u00e9rationnels de la Soci\u00e9t\u00e9 et dans tout autre endroit o\u00f9 les parties impliqu\u00e9es dans le traitement sont situ\u00e9es. Cela signifie que ces informations peuvent \u00eatre transf\u00e9r\u00e9es vers \u2014 et conserv\u00e9es sur \u2014 des ordinateurs situ\u00e9s en dehors de votre \u00c9tat, province, pays ou autre juridiction gouvernementale o\u00f9 les lois sur la protection des donn\u00e9es peuvent diff\u00e9rer de celles de votre juridiction.<\/p>\n\n\n\n<p>Votre consentement \u00e0 cette Politique de Confidentialit\u00e9 suivi de votre soumission de telles informations repr\u00e9sente votre accord \u00e0 ce transfert.<\/p>\n\n\n\n<p>La Soci\u00e9t\u00e9 prendra toutes les mesures raisonnablement n\u00e9cessaires pour s'assurer que Vos donn\u00e9es sont trait\u00e9es de mani\u00e8re s\u00e9curis\u00e9e et conform\u00e9ment \u00e0 cette Politique de Confidentialit\u00e9, et aucun transfert de Vos Donn\u00e9es Personnelles n'aura lieu vers une organisation ou un pays \u00e0 moins que des contr\u00f4les ad\u00e9quats soient en place, y compris la s\u00e9curit\u00e9 de Vos donn\u00e9es et autres informations personnelles.<\/p>\n\n\n\n<h3 class=\"wp-block-heading\">Supprimez vos donn\u00e9es personnelles<\/h3>\n\n\n\n<p>Vous avez le droit de supprimer ou de demander que nous vous aidions \u00e0 supprimer les Donn\u00e9es Personnelles que nous avons collect\u00e9es \u00e0 votre sujet.<\/p>\n\n\n\n<p>Notre Service peut vous donner la possibilit\u00e9 de supprimer certaines informations vous concernant depuis le Service.<\/p>\n\n\n\n<p>Vous pouvez mettre \u00e0 jour, modifier ou supprimer vos informations \u00e0 tout moment en vous connectant \u00e0 votre compte, si vous en avez un, et en visitant la section des param\u00e8tres du compte qui vous permet de g\u00e9rer vos informations personnelles. Vous pouvez \u00e9galement nous contacter pour demander l'acc\u00e8s, la correction ou la suppression de toute information personnelle que vous nous avez fournie.<\/p>\n\n\n\n<p>Veuillez noter, cependant, que nous pourrions \u00eatre amen\u00e9s \u00e0 conserver certaines informations lorsque nous avons une obligation l\u00e9gale ou une base l\u00e9gale pour le faire.<\/p>\n\n\n\n<h3 class=\"wp-block-heading\">Divulgation de vos donn\u00e9es personnelles<\/h3>\n\n\n\n<h4 class=\"wp-block-heading\">Transactions commerciales<\/h4>\n\n\n\n<p>Si la Soci\u00e9t\u00e9 est impliqu\u00e9e dans une fusion, une acquisition ou une vente d'actifs, Vos Donn\u00e9es Personnelles peuvent \u00eatre transf\u00e9r\u00e9es. Nous vous informerons avant que vos donn\u00e9es personnelles ne soient transf\u00e9r\u00e9es et ne deviennent soumises \u00e0 une autre politique de confidentialit\u00e9.<\/p>\n\n\n\n<h4 class=\"wp-block-heading\">Application de la loi<\/h4>\n\n\n\n<p>Dans certaines circonstances, la Soci\u00e9t\u00e9 peut \u00eatre tenue de divulguer Vos Donn\u00e9es Personnelles si la loi l'exige ou en r\u00e9ponse \u00e0 des demandes valides des autorit\u00e9s publiques (par exemple, un tribunal ou une agence gouvernementale).<\/p>\n\n\n\n<h4 class=\"wp-block-heading\">Autres exigences l\u00e9gales<\/h4>\n\n\n\n<p>La Soci\u00e9t\u00e9 peut divulguer Vos Donn\u00e9es Personnelles en toute bonne foi, estimant que cette action est n\u00e9cessaire pour :<\/p>\n\n\n\n<ul class=\"wp-block-list\">\n<li>Se conformer \u00e0 une obligation l\u00e9gale<\/li>\n\n\n\n<li>Prot\u00e9ger et d\u00e9fendre les droits ou la propri\u00e9t\u00e9 de l'Entreprise<\/li>\n\n\n\n<li>Pr\u00e9venir ou enqu\u00eater sur d'\u00e9ventuels actes r\u00e9pr\u00e9hensibles en lien avec le Service<\/li>\n\n\n\n<li>Prot\u00e9ger la s\u00e9curit\u00e9 personnelle des Utilisateurs du Service ou du public<\/li>\n\n\n\n<li>Prot\u00e9ger contre la responsabilit\u00e9 l\u00e9gale<\/li>\n<\/ul>\n\n\n\n<h3 class=\"wp-block-heading\">S\u00e9curit\u00e9 de vos donn\u00e9es personnelles<\/h3>\n\n\n\n<p>La s\u00e9curit\u00e9 de Vos Donn\u00e9es Personnelles est importante pour Nous, mais rappelez-vous qu'aucune m\u00e9thode de transmission sur Internet, ni m\u00e9thode de stockage \u00e9lectronique n'est 100% s\u00e9curis\u00e9e. Bien que nous nous effor\u00e7ons d'utiliser des moyens commercialement acceptables pour prot\u00e9ger vos donn\u00e9es personnelles, nous ne pouvons pas garantir leur s\u00e9curit\u00e9 absolue.<\/p>\n\n\n\n<h2 class=\"wp-block-heading\">Confidentialit\u00e9 des enfants<\/h2>\n\n\n\n<p>Notre Service ne s'adresse \u00e0 personne de moins de 13 ans. Nous ne collectons pas sciemment d'informations personnelles identifiables aupr\u00e8s de quiconque \u00e2g\u00e9 de moins de 13 ans. Si vous \u00eates un parent ou un tuteur et que vous \u00eates au courant que votre enfant nous a fourni des donn\u00e9es personnelles, veuillez nous contacter. Si nous prenons connaissance du fait que nous avons collect\u00e9 des donn\u00e9es personnelles aupr\u00e8s de toute personne de moins de 13 ans sans v\u00e9rification du consentement parental, nous prenons des mesures pour supprimer ces informations de nos serveurs.<\/p>\n\n\n\n<p>Si nous devons nous appuyer sur le consentement comme base l\u00e9gale pour traiter vos informations et que votre pays exige le consentement d'un parent, nous pourrions exiger le consentement de votre parent avant de collecter et d'utiliser ces informations.<\/p>\n\n\n\n<h2 class=\"wp-block-heading\">Liens vers d'autres sites web<\/h2>\n\n\n\n<p>Notre Service peut contenir des liens vers d'autres sites web qui ne sont pas exploit\u00e9s par Nous. Si vous cliquez sur un lien tiers, vous serez dirig\u00e9 vers le site de ce tiers. Nous vous conseillons fortement de consulter la politique de confidentialit\u00e9 de chaque site que vous visitez.<\/p>\n\n\n\n<p>Nous n'avons aucun contr\u00f4le sur et n'assumons aucune responsabilit\u00e9 pour le contenu, les politiques de confidentialit\u00e9 ou les pratiques de tout site ou service tiers.<\/p>\n\n\n\n<h2 class=\"wp-block-heading\">Modifications de cette politique de confidentialit\u00e9<\/h2>\n\n\n\n<p>Nous pouvons mettre \u00e0 jour notre Politique de Confidentialit\u00e9 de temps \u00e0 autre. Nous vous informerons de tout changement en publiant la nouvelle Politique de Confidentialit\u00e9 sur cette page.<\/p>\n\n\n\n<p>Nous vous informerons par email et\/ou par un avis prominent sur notre Service, avant que le changement ne devienne effectif et mettrons \u00e0 jour la date de la \u00ab Derni\u00e8re mise \u00e0 jour \u00bb en haut de cette Politique de Confidentialit\u00e9.<\/p>\n\n\n\n<p>Il est conseill\u00e9 de consulter p\u00e9riodiquement cette Politique de Confidentialit\u00e9 pour toute modification. Les modifications apport\u00e9es \u00e0 cette Politique de Confidentialit\u00e9 prennent effet lorsqu'elles sont publi\u00e9es sur cette page.<\/p>\n\n\n\n<h2 class=\"wp-block-heading\">Contactez-nous<\/h2>\n\n\n\n<p>Si vous avez des questions concernant cette Politique de Confidentialit\u00e9, vous pouvez nous contacter :<\/p>\n\n\n\n<p>Par email: contact@pcbmaroc.com<\/p>\n\n\n\n<p><\/p>","protected":false},"excerpt":{"rendered":"<p>Privacy Policy Last updated: December 30, 2024 This Privacy Policy describes &#8230; <\/p>","protected":false},"author":1,"featured_media":0,"parent":0,"menu_order":0,"comment_status":"closed","ping_status":"open","template":"","meta":{"footnotes":""},"class_list":["post-3","page","type-page","status-publish","hentry"],"aioseo_notices":[],"_links":{"self":[{"href":"https:\/\/pcbmaroc.com\/fr\/wp-json\/wp\/v2\/pages\/3","targetHints":{"allow":["GET"]}}],"collection":[{"href":"https:\/\/pcbmaroc.com\/fr\/wp-json\/wp\/v2\/pages"}],"about":[{"href":"https:\/\/pcbmaroc.com\/fr\/wp-json\/wp\/v2\/types\/page"}],"author":[{"embeddable":true,"href":"https:\/\/pcbmaroc.com\/fr\/wp-json\/wp\/v2\/users\/1"}],"replies":[{"embeddable":true,"href":"https:\/\/pcbmaroc.com\/fr\/wp-json\/wp\/v2\/comments?post=3"}],"version-history":[{"count":0,"href":"https:\/\/pcbmaroc.com\/fr\/wp-json\/wp\/v2\/pages\/3\/revisions"}],"wp:attachment":[{"href":"https:\/\/pcbmaroc.com\/fr\/wp-json\/wp\/v2\/media?parent=3"}],"curies":[{"name":"wp","href":"https:\/\/api.w.org\/{rel}","templated":true}]}}