{"id":6,"date":"2024-06-10T08:24:41","date_gmt":"2024-06-10T08:24:41","guid":{"rendered":"http:\/\/xtratheme.combusiness-2\/?page_id=6"},"modified":"2025-02-02T11:42:49","modified_gmt":"2025-02-02T11:42:49","slug":"about","status":"publish","type":"page","link":"https:\/\/pcbmaroc.com\/fr\/about\/","title":{"rendered":"\u00c0 propos"},"content":{"rendered":"<div data-elementor-type=\"wp-page\" data-elementor-id=\"6\" class=\"elementor elementor-6\">\n\t\t\t\t\t\t<section class=\"elementor-section elementor-top-section elementor-element elementor-element-1cbe541 elementor-section-boxed elementor-section-height-default elementor-section-height-default\" data-id=\"1cbe541\" data-element_type=\"section\" data-e-type=\"section\">\n\t\t\t\t\t\t<div class=\"elementor-container elementor-column-gap-default\">\n\t\t\t\t\t<div class=\"elementor-column elementor-col-66 elementor-top-column elementor-element elementor-element-0ebf279\" data-id=\"0ebf279\" data-element_type=\"column\" data-e-type=\"column\">\n\t\t\t<div class=\"elementor-widget-wrap elementor-element-populated\">\n\t\t\t\t\t\t<div class=\"elementor-element elementor-element-2155650 elementor-widget elementor-widget-cz_title\" data-id=\"2155650\" data-element_type=\"widget\" data-e-type=\"widget\" data-widget_type=\"cz_title.default\">\n\t\t\t\t<div class=\"elementor-widget-container\">\n\t\t\t\t\t\t\r\n\t\t<div>\r\n\t\t\t<div class=\"cz_title clr cz_mobile_text_center cz_title_pos_inline\"><div class=\"cz_title_content\"><div class=\"cz_wpe_content\"><h2>Qui nous sommes<\/h2><\/div><\/div><\/div>\r\n\t\t<\/div>\r\n\t\t\r\n\t\t\t\t\t\t<\/div>\n\t\t\t\t<\/div>\n\t\t\t\t<div class=\"elementor-element elementor-element-bdc2738 elementor-widget elementor-widget-cz_title\" data-id=\"bdc2738\" data-element_type=\"widget\" data-e-type=\"widget\" data-widget_type=\"cz_title.default\">\n\t\t\t\t<div class=\"elementor-widget-container\">\n\t\t\t\t\t\t\r\n\t\t<div>\r\n\t\t\t<div class=\"cz_title clr cz_mobile_text_center cz_title_pos_inline\"><div class=\"cz_title_content\"><div class=\"cz_wpe_content\"><p>Chez <strong>PCB Maroc<\/strong>, nous nous engageons \u00e0 fournir des solutions de circuits imprim\u00e9s (PCB) de haute qualit\u00e9, adapt\u00e9es \u00e0 vos besoins uniques. Notre \u00e9quipe de professionnels qualifi\u00e9s se sp\u00e9cialise dans la conception, la production et l'assemblage de circuits imprim\u00e9s (PCB) de bout en bout.<\/p><\/div><\/div><\/div>\r\n\t\t<\/div>\r\n\t\t\r\n\t\t\t\t\t\t<\/div>\n\t\t\t\t<\/div>\n\t\t\t\t<div class=\"elementor-element elementor-element-5ae033f elementor-widget elementor-widget-cz_title\" data-id=\"5ae033f\" data-element_type=\"widget\" data-e-type=\"widget\" data-widget_type=\"cz_title.default\">\n\t\t\t\t<div class=\"elementor-widget-container\">\n\t\t\t\t\t\t\r\n\t\t<div>\r\n\t\t\t<div class=\"cz_title clr cz_mobile_text_center cz_title_pos_inline tac\"><div class=\"cz_title_content\"><div class=\"cz_wpe_content\"><div style=\"text-align: center; max-width: 90%;\"><span style=\"font-size: 32px; color: #268776; font-weight: bold;\"><br \/>Fournir des circuits imprim\u00e9s de haute qualit\u00e9 avec des prix comp\u00e9titives<br \/><\/span><\/div><\/div><\/div><\/div>\r\n\t\t<\/div>\r\n\t\t\r\n\t\t\t\t\t\t<\/div>\n\t\t\t\t<\/div>\n\t\t\t\t<div class=\"elementor-element elementor-element-ac0c7d3 elementor-widget elementor-widget-cz_title\" data-id=\"ac0c7d3\" data-element_type=\"widget\" data-e-type=\"widget\" data-widget_type=\"cz_title.default\">\n\t\t\t\t<div class=\"elementor-widget-container\">\n\t\t\t\t\t\t\r\n\t\t<div>\r\n\t\t\t<div class=\"cz_title clr cz_mobile_text_center cz_title_pos_inline\"><div class=\"cz_title_content\"><div class=\"cz_wpe_content\"><h2>Pourquoi choisir PCB Maroc ?<\/h2><\/div><\/div><\/div>\r\n\t\t<\/div>\r\n\t\t\r\n\t\t\t\t\t\t<\/div>\n\t\t\t\t<\/div>\n\t\t\t\t<div class=\"elementor-element elementor-element-9f8f0af elementor-widget elementor-widget-cz_title\" data-id=\"9f8f0af\" data-element_type=\"widget\" data-e-type=\"widget\" data-widget_type=\"cz_title.default\">\n\t\t\t\t<div class=\"elementor-widget-container\">\n\t\t\t\t\t\t\r\n\t\t<div>\r\n\t\t\t<div class=\"cz_title clr cz_mobile_text_center cz_title_pos_inline\"><div class=\"cz_title_content\"><div class=\"cz_wpe_content\"><ul>\n \t<li><span style=\"font-weight: bold; color:#268776;\">Expertise :<\/span> Nos experts garantissent pr\u00e9cision et innovation dans chaque projet.<\/li>\n \t<li><span style=\"font-weight: bold; color:#268776;\">Assurance Qualit\u00e9 :<\/span> Nous respectons les normes internationales, garantissant des solutions PCB fiables et durables.<\/li>\n \t<li><span style=\"font-weight: bold; color:#268776;\">Orientation client :<\/span> Nous priorisons votre succ\u00e8s en fournissant des services personnalis\u00e9s qui r\u00e9pondent exactement \u00e0 vos exigences.<\/li>\n<\/ul><\/div><\/div><\/div>\r\n\t\t<\/div>\r\n\t\t\r\n\t\t\t\t\t\t<\/div>\n\t\t\t\t<\/div>\n\t\t\t\t<div class=\"elementor-element elementor-element-b507a01 elementor-widget elementor-widget-cz_title\" data-id=\"b507a01\" data-element_type=\"widget\" data-e-type=\"widget\" data-widget_type=\"cz_title.default\">\n\t\t\t\t<div class=\"elementor-widget-container\">\n\t\t\t\t\t\t\r\n\t\t<div>\r\n\t\t\t<div class=\"cz_title clr cz_mobile_text_center cz_title_pos_inline\"><div class=\"cz_title_content\"><div class=\"cz_wpe_content\"><h2>Industries que nous servons<\/h2><\/div><\/div><\/div>\r\n\t\t<\/div>\r\n\t\t\r\n\t\t\t\t\t\t<\/div>\n\t\t\t\t<\/div>\n\t\t\t\t<div class=\"elementor-element elementor-element-ceba12e elementor-widget elementor-widget-cz_title\" data-id=\"ceba12e\" data-element_type=\"widget\" data-e-type=\"widget\" data-widget_type=\"cz_title.default\">\n\t\t\t\t<div class=\"elementor-widget-container\">\n\t\t\t\t\t\t\r\n\t\t<div>\r\n\t\t\t<div class=\"cz_title clr cz_mobile_text_center cz_title_pos_inline\"><div class=\"cz_title_content\"><div class=\"cz_wpe_content\">Nos solutions alimentent des industries telles que :\n<ul>\n \t<li><span style=\"font-weight: bold; color:#268776;\">T\u00e9l\u00e9communications :<\/span> PCBs fiables pour les syst\u00e8mes de communication avanc\u00e9s.<\/li>\n \t<li><span style=\"font-weight: bold; color:#268776;\">\u00c9lectronique grand public :<\/span> Cartes haute performance pour les appareils du quotidien.<\/li>\n \t<li><span style=\"font-weight: bold; color:#268776;\">Soins de sant\u00e9 :<\/span> PCBs de pr\u00e9cision pour les \u00e9quipements m\u00e9dicaux critiques.<\/li>\n \t<li><span style=\"font-weight: bold; color:#268776;\">Automobile :<\/span> Solutions durables pour les technologies automobiles modernes.<\/li>\n<\/ul><\/div><\/div><\/div>\r\n\t\t<\/div>\r\n\t\t\r\n\t\t\t\t\t\t<\/div>\n\t\t\t\t<\/div>\n\t\t\t\t\t<\/div>\n\t\t<\/div>\n\t\t\t\t<div class=\"elementor-column elementor-col-33 elementor-top-column elementor-element elementor-element-ea8e20b\" data-id=\"ea8e20b\" data-element_type=\"column\" data-e-type=\"column\" data-settings=\"{&quot;background_background&quot;:&quot;classic&quot;}\">\n\t\t\t<div class=\"elementor-widget-wrap elementor-element-populated\">\n\t\t\t\t\t\t<div class=\"elementor-element elementor-element-422c155 elementor-widget elementor-widget-cz_gradient_title\" data-id=\"422c155\" data-element_type=\"widget\" data-e-type=\"widget\" data-widget_type=\"cz_gradient_title.default\">\n\t\t\t\t<div class=\"elementor-widget-container\">\n\t\t\t\t\t\t\t<div class=\"cz_gradient_title cz_mobile_text_center cz_gradient_title_center\">\r\n\t\t\t<div class=\"cz_wpe_content\"><div style=\"line-height: 1; text-align: center;\"><span style=\"font-size: 98px; font-weight: 400;\">100%<\/span><\/div><\/div>\r\n\t\t<\/div>\r\n\t\t\t\t\t\t<\/div>\n\t\t\t\t<\/div>\n\t\t\t\t<div class=\"elementor-element elementor-element-3c918df elementor-widget elementor-widget-cz_title\" data-id=\"3c918df\" data-element_type=\"widget\" data-e-type=\"widget\" data-widget_type=\"cz_title.default\">\n\t\t\t\t<div class=\"elementor-widget-container\">\n\t\t\t\t\t\t\r\n\t\t<div>\r\n\t\t\t<div class=\"cz_title clr cz_title_pos_inline tac\"><div class=\"cz_title_content\"><div class=\"cz_wpe_content\"><p style=\"text-align: center;\"><span style=\"color: #ffffff; font-size: 22px;\">Satisfaction client<\/span><\/p><\/div><\/div><\/div>\r\n\t\t<\/div>\r\n\t\t\r\n\t\t\t\t\t\t<\/div>\n\t\t\t\t<\/div>\n\t\t\t\t\t<\/div>\n\t\t<\/div>\n\t\t\t\t\t<\/div>\n\t\t<\/section>\n\t\t\t\t<\/div>","protected":false},"excerpt":{"rendered":"<p>Who We Are At PCB Maroc, we are dedicated to delivering &#8230; <\/p>","protected":false},"author":1,"featured_media":0,"parent":0,"menu_order":0,"comment_status":"closed","ping_status":"closed","template":"","meta":{"footnotes":""},"class_list":["post-6","page","type-page","status-publish","hentry"],"aioseo_notices":[],"_links":{"self":[{"href":"https:\/\/pcbmaroc.com\/fr\/wp-json\/wp\/v2\/pages\/6","targetHints":{"allow":["GET"]}}],"collection":[{"href":"https:\/\/pcbmaroc.com\/fr\/wp-json\/wp\/v2\/pages"}],"about":[{"href":"https:\/\/pcbmaroc.com\/fr\/wp-json\/wp\/v2\/types\/page"}],"author":[{"embeddable":true,"href":"https:\/\/pcbmaroc.com\/fr\/wp-json\/wp\/v2\/users\/1"}],"replies":[{"embeddable":true,"href":"https:\/\/pcbmaroc.com\/fr\/wp-json\/wp\/v2\/comments?post=6"}],"version-history":[{"count":0,"href":"https:\/\/pcbmaroc.com\/fr\/wp-json\/wp\/v2\/pages\/6\/revisions"}],"wp:attachment":[{"href":"https:\/\/pcbmaroc.com\/fr\/wp-json\/wp\/v2\/media?parent=6"}],"curies":[{"name":"wp","href":"https:\/\/api.w.org\/{rel}","templated":true}]}}